{"id":86,"date":"2019-05-18T16:37:28","date_gmt":"2019-05-18T19:37:28","guid":{"rendered":"https:\/\/www.pousadareliquiasdotempo.com.br\/?page_id=86"},"modified":"2020-10-06T15:42:16","modified_gmt":"2020-10-06T18:42:16","slug":"colonial","status":"publish","type":"page","link":"https:\/\/www.pousadareliquiasdotempo.com.br\/en\/suites\/colonial\/","title":{"rendered":"Colonial"},"content":{"rendered":"<p class=\"qtranxs-available-languages-message qtranxs-available-languages-message-en\">Sorry, this entry is only available in <a href=\"https:\/\/www.pousadareliquiasdotempo.com.br\/pb\/wp-json\/wp\/v2\/pages\/86\" class=\"qtranxs-available-language-link qtranxs-available-language-link-pb\" title=\"Portugu\u00eas do Brasil\">Brazilian Portuguese<\/a>.<\/p>","protected":false},"excerpt":{"rendered":"<p>Sorry, this entry is only available in Brazilian Portuguese.<\/p>\n","protected":false},"author":2,"featured_media":251,"parent":84,"menu_order":0,"comment_status":"closed","ping_status":"closed","template":"","meta":[],"yoast_head":"<!-- This site is optimized with the Yoast SEO plugin v15.0 - https:\/\/yoast.com\/wordpress\/plugins\/seo\/ -->\r\n<title>Colonial - Pousada Rel\u00edquias do Tempo - Diamantina\/MG<\/title>\r\n<meta name=\"description\" content=\"A su\u00edte colonial, na Pousada Rel\u00edquias do Tempo, \u00e9 uma excelente op\u00e7\u00e3o de hospedagem para os viajantes que viajam para Diamantina\" \/>\r\n<meta name=\"robots\" content=\"index, follow, max-snippet:-1, max-image-preview:large, max-video-preview:-1\" \/>\r\n<link rel=\"canonical\" href=\"http:\/\/www.pousadareliquiasdotempo.com.br\/suites\/colonial\/\" \/>\r\n<meta property=\"og:locale\" content=\"en_US\" \/>\r\n<meta property=\"og:type\" content=\"article\" \/>\r\n<meta property=\"og:title\" content=\"Colonial - Pousada Rel\u00edquias do Tempo - Diamantina\/MG\" \/>\r\n<meta property=\"og:description\" content=\"A su\u00edte colonial, na Pousada Rel\u00edquias do Tempo, \u00e9 uma excelente op\u00e7\u00e3o de hospedagem para os viajantes que viajam para Diamantina\" \/>\r\n<meta property=\"og:url\" content=\"http:\/\/www.pousadareliquiasdotempo.com.br\/suites\/colonial\/\" \/>\r\n<meta property=\"og:site_name\" content=\"Pousada Rel\u00edquias do Tempo - Diamantina\/MG\" \/>\r\n<meta property=\"article:modified_time\" content=\"2020-10-06T18:42:16+00:00\" \/>\r\n<meta property=\"og:image\" content=\"https:\/\/www.pousadareliquiasdotempo.com.br\/wp-content\/uploads\/2019\/08\/colonialnew.jpg\" \/>\r\n\t<meta property=\"og:image:width\" content=\"2000\" \/>\r\n\t<meta property=\"og:image:height\" content=\"801\" \/>\r\n<meta name=\"twitter:card\" content=\"summary_large_image\" \/>\r\n<script type=\"application\/ld+json\" class=\"yoast-schema-graph\">{\"@context\":\"https:\/\/schema.org\",\"@graph\":[{\"@type\":\"WebSite\",\"@id\":\"https:\/\/www.pousadareliquiasdotempo.com.br\/en\/#website\",\"url\":\"https:\/\/www.pousadareliquiasdotempo.com.br\/en\/\",\"name\":\"Pousada Rel\\u00edquias do Tempo - Diamantina\/MG\",\"description\":\"Nossa pousada-museu oferece a melhor hospedagem no centro hist\\u00f3rico de Diamantina, Minas Gerais, para voc\\u00ea  vivenciar a simplicidade mineira, com requinte de hist\\u00f3ria, cultura e resgate ao passado.\",\"potentialAction\":[{\"@type\":\"SearchAction\",\"target\":\"https:\/\/www.pousadareliquiasdotempo.com.br\/en\/?s={search_term_string}\",\"query-input\":\"required name=search_term_string\"}],\"inLanguage\":\"en-US\"},{\"@type\":\"ImageObject\",\"@id\":\"http:\/\/www.pousadareliquiasdotempo.com.br\/suites\/colonial\/#primaryimage\",\"inLanguage\":\"en-US\",\"url\":\"https:\/\/www.pousadareliquiasdotempo.com.br\/wp-content\/uploads\/2019\/08\/colonialnew.jpg\",\"width\":2000,\"height\":801},{\"@type\":\"WebPage\",\"@id\":\"http:\/\/www.pousadareliquiasdotempo.com.br\/suites\/colonial\/#webpage\",\"url\":\"http:\/\/www.pousadareliquiasdotempo.com.br\/suites\/colonial\/\",\"name\":\"Colonial - Pousada Rel\\u00edquias do Tempo - Diamantina\/MG\",\"isPartOf\":{\"@id\":\"https:\/\/www.pousadareliquiasdotempo.com.br\/en\/#website\"},\"primaryImageOfPage\":{\"@id\":\"http:\/\/www.pousadareliquiasdotempo.com.br\/suites\/colonial\/#primaryimage\"},\"datePublished\":\"2019-05-18T19:37:28+00:00\",\"dateModified\":\"2020-10-06T18:42:16+00:00\",\"description\":\"A su\\u00edte colonial, na Pousada Rel\\u00edquias do Tempo, \\u00e9 uma excelente op\\u00e7\\u00e3o de hospedagem para os viajantes que viajam para Diamantina\",\"inLanguage\":\"en-US\",\"potentialAction\":[{\"@type\":\"ReadAction\",\"target\":[\"http:\/\/www.pousadareliquiasdotempo.com.br\/suites\/colonial\/\"]}]}]}<\/script>\r\n<!-- \/ Yoast SEO plugin. -->","_links":{"self":[{"href":"https:\/\/www.pousadareliquiasdotempo.com.br\/en\/wp-json\/wp\/v2\/pages\/86"}],"collection":[{"href":"https:\/\/www.pousadareliquiasdotempo.com.br\/en\/wp-json\/wp\/v2\/pages"}],"about":[{"href":"https:\/\/www.pousadareliquiasdotempo.com.br\/en\/wp-json\/wp\/v2\/types\/page"}],"author":[{"embeddable":true,"href":"https:\/\/www.pousadareliquiasdotempo.com.br\/en\/wp-json\/wp\/v2\/users\/2"}],"replies":[{"embeddable":true,"href":"https:\/\/www.pousadareliquiasdotempo.com.br\/en\/wp-json\/wp\/v2\/comments?post=86"}],"version-history":[{"count":2,"href":"https:\/\/www.pousadareliquiasdotempo.com.br\/en\/wp-json\/wp\/v2\/pages\/86\/revisions"}],"predecessor-version":[{"id":373,"href":"https:\/\/www.pousadareliquiasdotempo.com.br\/en\/wp-json\/wp\/v2\/pages\/86\/revisions\/373"}],"up":[{"embeddable":true,"href":"https:\/\/www.pousadareliquiasdotempo.com.br\/en\/wp-json\/wp\/v2\/pages\/84"}],"wp:featuredmedia":[{"embeddable":true,"href":"https:\/\/www.pousadareliquiasdotempo.com.br\/en\/wp-json\/wp\/v2\/media\/251"}],"wp:attachment":[{"href":"https:\/\/www.pousadareliquiasdotempo.com.br\/en\/wp-json\/wp\/v2\/media?parent=86"}],"curies":[{"name":"wp","href":"https:\/\/api.w.org\/{rel}","templated":true}]}}