{"id":98,"date":"2019-05-18T16:38:51","date_gmt":"2019-05-18T19:38:51","guid":{"rendered":"https:\/\/www.pousadareliquiasdotempo.com.br\/?page_id=98"},"modified":"2020-10-06T16:08:30","modified_gmt":"2020-10-06T19:08:30","slug":"museus","status":"publish","type":"page","link":"https:\/\/www.pousadareliquiasdotempo.com.br\/en\/museus\/","title":{"rendered":"Cultura"},"content":{"rendered":"<p class=\"qtranxs-available-languages-message qtranxs-available-languages-message-en\">Sorry, this entry is only available in <a href=\"https:\/\/www.pousadareliquiasdotempo.com.br\/pb\/wp-json\/wp\/v2\/pages\/98\" class=\"qtranxs-available-language-link qtranxs-available-language-link-pb\" title=\"Portugu\u00eas do Brasil\">Brazilian Portuguese<\/a>.<\/p>","protected":false},"excerpt":{"rendered":"<p>Sorry, this entry is only available in Brazilian Portuguese.<\/p>\n","protected":false},"author":2,"featured_media":256,"parent":0,"menu_order":0,"comment_status":"closed","ping_status":"closed","template":"","meta":[],"yoast_head":"<!-- This site is optimized with the Yoast SEO plugin v15.0 - https:\/\/yoast.com\/wordpress\/plugins\/seo\/ -->\r\n<title>Cultura - Pousada Rel\u00edquias do Tempo - Diamantina\/MG<\/title>\r\n<meta name=\"description\" content=\"A hist\u00f3ria de Diamantina est\u00e1 em todo museu. A Pousada Rel\u00edquias do Tempo o Museu Chica da Silva, o museu das religi\u00f5es e o Museu do Diamante\" \/>\r\n<meta name=\"robots\" content=\"index, follow, max-snippet:-1, max-image-preview:large, max-video-preview:-1\" \/>\r\n<link rel=\"canonical\" href=\"http:\/\/www.pousadareliquiasdotempo.com.br\/museus\/\" \/>\r\n<meta property=\"og:locale\" content=\"en_US\" \/>\r\n<meta property=\"og:type\" content=\"article\" \/>\r\n<meta property=\"og:title\" content=\"Cultura - Pousada Rel\u00edquias do Tempo - Diamantina\/MG\" \/>\r\n<meta property=\"og:description\" content=\"A hist\u00f3ria de Diamantina est\u00e1 em todo museu. A Pousada Rel\u00edquias do Tempo o Museu Chica da Silva, o museu das religi\u00f5es e o Museu do Diamante\" \/>\r\n<meta property=\"og:url\" content=\"http:\/\/www.pousadareliquiasdotempo.com.br\/museus\/\" \/>\r\n<meta property=\"og:site_name\" content=\"Pousada Rel\u00edquias do Tempo - Diamantina\/MG\" \/>\r\n<meta property=\"article:modified_time\" content=\"2020-10-06T19:08:30+00:00\" \/>\r\n<meta property=\"og:image\" content=\"https:\/\/www.pousadareliquiasdotempo.com.br\/wp-content\/uploads\/2019\/08\/museunew.jpg\" \/>\r\n\t<meta property=\"og:image:width\" content=\"2000\" \/>\r\n\t<meta property=\"og:image:height\" content=\"877\" \/>\r\n<meta name=\"twitter:card\" content=\"summary_large_image\" \/>\r\n<script type=\"application\/ld+json\" class=\"yoast-schema-graph\">{\"@context\":\"https:\/\/schema.org\",\"@graph\":[{\"@type\":\"WebSite\",\"@id\":\"https:\/\/www.pousadareliquiasdotempo.com.br\/en\/#website\",\"url\":\"https:\/\/www.pousadareliquiasdotempo.com.br\/en\/\",\"name\":\"Pousada Rel\\u00edquias do Tempo - Diamantina\/MG\",\"description\":\"Nossa pousada-museu oferece a melhor hospedagem no centro hist\\u00f3rico de Diamantina, Minas Gerais, para voc\\u00ea  vivenciar a simplicidade mineira, com requinte de hist\\u00f3ria, cultura e resgate ao passado.\",\"potentialAction\":[{\"@type\":\"SearchAction\",\"target\":\"https:\/\/www.pousadareliquiasdotempo.com.br\/en\/?s={search_term_string}\",\"query-input\":\"required name=search_term_string\"}],\"inLanguage\":\"en-US\"},{\"@type\":\"ImageObject\",\"@id\":\"http:\/\/www.pousadareliquiasdotempo.com.br\/museus\/#primaryimage\",\"inLanguage\":\"en-US\",\"url\":\"https:\/\/www.pousadareliquiasdotempo.com.br\/wp-content\/uploads\/2019\/08\/museunew.jpg\",\"width\":2000,\"height\":877},{\"@type\":\"WebPage\",\"@id\":\"http:\/\/www.pousadareliquiasdotempo.com.br\/museus\/#webpage\",\"url\":\"http:\/\/www.pousadareliquiasdotempo.com.br\/museus\/\",\"name\":\"Cultura - Pousada Rel\\u00edquias do Tempo - Diamantina\/MG\",\"isPartOf\":{\"@id\":\"https:\/\/www.pousadareliquiasdotempo.com.br\/en\/#website\"},\"primaryImageOfPage\":{\"@id\":\"http:\/\/www.pousadareliquiasdotempo.com.br\/museus\/#primaryimage\"},\"datePublished\":\"2019-05-18T19:38:51+00:00\",\"dateModified\":\"2020-10-06T19:08:30+00:00\",\"description\":\"A hist\\u00f3ria de Diamantina est\\u00e1 em todo museu. A Pousada Rel\\u00edquias do Tempo o Museu Chica da Silva, o museu das religi\\u00f5es e o Museu do Diamante\",\"inLanguage\":\"en-US\",\"potentialAction\":[{\"@type\":\"ReadAction\",\"target\":[\"http:\/\/www.pousadareliquiasdotempo.com.br\/museus\/\"]}]}]}<\/script>\r\n<!-- \/ Yoast SEO plugin. -->","_links":{"self":[{"href":"https:\/\/www.pousadareliquiasdotempo.com.br\/en\/wp-json\/wp\/v2\/pages\/98"}],"collection":[{"href":"https:\/\/www.pousadareliquiasdotempo.com.br\/en\/wp-json\/wp\/v2\/pages"}],"about":[{"href":"https:\/\/www.pousadareliquiasdotempo.com.br\/en\/wp-json\/wp\/v2\/types\/page"}],"author":[{"embeddable":true,"href":"https:\/\/www.pousadareliquiasdotempo.com.br\/en\/wp-json\/wp\/v2\/users\/2"}],"replies":[{"embeddable":true,"href":"https:\/\/www.pousadareliquiasdotempo.com.br\/en\/wp-json\/wp\/v2\/comments?post=98"}],"version-history":[{"count":2,"href":"https:\/\/www.pousadareliquiasdotempo.com.br\/en\/wp-json\/wp\/v2\/pages\/98\/revisions"}],"predecessor-version":[{"id":418,"href":"https:\/\/www.pousadareliquiasdotempo.com.br\/en\/wp-json\/wp\/v2\/pages\/98\/revisions\/418"}],"wp:featuredmedia":[{"embeddable":true,"href":"https:\/\/www.pousadareliquiasdotempo.com.br\/en\/wp-json\/wp\/v2\/media\/256"}],"wp:attachment":[{"href":"https:\/\/www.pousadareliquiasdotempo.com.br\/en\/wp-json\/wp\/v2\/media?parent=98"}],"curies":[{"name":"wp","href":"https:\/\/api.w.org\/{rel}","templated":true}]}}